{"id":51554,"date":"2024-11-21T04:37:39","date_gmt":"2024-11-21T04:37:39","guid":{"rendered":"https:\/\/qnetmenaapr25.wpenginepowered.com\/technology\/"},"modified":"2025-11-08T21:00:40","modified_gmt":"2025-11-08T21:00:40","slug":"technologie","status":"publish","type":"page","link":"https:\/\/mena.qnet.net\/fr\/technologie\/","title":{"rendered":"Technologie"},"content":{"rendered":"\t\t<div data-elementor-type=\"wp-page\" data-elementor-id=\"51554\" class=\"elementor elementor-51554 elementor-51500\" data-elementor-post-type=\"page\">\n\t\t\t\t<div class=\"elementor-element elementor-element-296d57b e-con-full e-flex e-con e-parent\" data-id=\"296d57b\" data-element_type=\"container\" data-e-type=\"container\" data-settings=\"{&quot;background_background&quot;:&quot;classic&quot;}\">\n\t\t<div class=\"elementor-element elementor-element-635bb58 e-con-full e-flex e-con e-child\" data-id=\"635bb58\" data-element_type=\"container\" data-e-type=\"container\" data-settings=\"{&quot;background_background&quot;:&quot;classic&quot;}\">\n\t\t\t\t<div class=\"elementor-element elementor-element-53e1c7d elementor-widget elementor-widget-heading\" data-id=\"53e1c7d\" data-element_type=\"widget\" data-e-type=\"widget\" data-widget_type=\"heading.default\">\n\t\t\t\t<div class=\"elementor-widget-container\">\n\t\t\t\t\t<h2 class=\"elementor-heading-title elementor-size-default\">QNET<\/h2>\t\t\t\t<\/div>\n\t\t\t\t<\/div>\n\t\t\t\t<div class=\"elementor-element elementor-element-16c4489 elementor-widget elementor-widget-heading\" data-id=\"16c4489\" data-element_type=\"widget\" data-e-type=\"widget\" data-widget_type=\"heading.default\">\n\t\t\t\t<div class=\"elementor-widget-container\">\n\t\t\t\t\t<h2 class=\"elementor-heading-title elementor-size-default\">TECHNOLOGIE<\/h2>\t\t\t\t<\/div>\n\t\t\t\t<\/div>\n\t\t\t\t<div class=\"elementor-element elementor-element-8687136 elementor-widget__width-initial elementor-widget elementor-widget-text-editor\" data-id=\"8687136\" data-element_type=\"widget\" data-e-type=\"widget\" data-widget_type=\"text-editor.default\">\n\t\t\t\t<div class=\"elementor-widget-container\">\n\t\t\t\t\t\t\t\t\t<p>vtube est une plateforme de formation vid\u00e9o en ligne d\u00e9di\u00e9e \u00e0 la vente directe.<\/p>\t\t\t\t\t\t\t\t<\/div>\n\t\t\t\t<\/div>\n\t\t\t\t<\/div>\n\t\t<div class=\"elementor-element elementor-element-b7a419b e-con-full e-flex e-con e-child\" data-id=\"b7a419b\" data-element_type=\"container\" data-e-type=\"container\" data-settings=\"{&quot;background_background&quot;:&quot;classic&quot;}\">\n\t\t\t\t<\/div>\n\t\t\t\t<\/div>\n\t\t<div class=\"elementor-element elementor-element-10e93f1 e-flex e-con-boxed e-con e-parent\" data-id=\"10e93f1\" data-element_type=\"container\" data-e-type=\"container\">\n\t\t\t\t\t<div class=\"e-con-inner\">\n\t\t<div class=\"elementor-element elementor-element-3c4ac2f e-con-full e-flex e-con e-child\" data-id=\"3c4ac2f\" data-element_type=\"container\" data-e-type=\"container\">\n\t\t\t\t<div class=\"elementor-element elementor-element-a6e72ed elementor-widget__width-initial elementor-widget-mobile__width-initial elementor-widget elementor-widget-text-editor\" data-id=\"a6e72ed\" data-element_type=\"widget\" data-e-type=\"widget\" data-widget_type=\"text-editor.default\">\n\t\t\t\t<div class=\"elementor-widget-container\">\n\t\t\t\t\t\t\t\t\t<p>Con\u00e7ue sur mesure pour les professionnels de la vente directe modernes et en d\u00e9placement, vtube fournit \u00e0 ses abonn\u00e9s actifs une biblioth\u00e8que riche et bien organis\u00e9e de vid\u00e9os en ligne qui servent d&rsquo;outils de formation essentiels.<\/p>\t\t\t\t\t\t\t\t<\/div>\n\t\t\t\t<\/div>\n\t\t<div class=\"elementor-element elementor-element-ef44f8c e-con-full e-flex e-con e-child\" data-id=\"ef44f8c\" data-element_type=\"container\" data-e-type=\"container\">\n\t\t\t\t<div class=\"elementor-element elementor-element-befaaf1 elementor-widget__width-auto elementor-widget elementor-widget-button\" data-id=\"befaaf1\" data-element_type=\"widget\" data-e-type=\"widget\" data-widget_type=\"button.default\">\n\t\t\t\t<div class=\"elementor-widget-container\">\n\t\t\t\t\t\t\t\t\t<div class=\"elementor-button-wrapper\">\n\t\t\t\t\t<a class=\"elementor-button elementor-button-link elementor-size-sm\" href=\"https:\/\/vtube.net\/\" target=\"_blank\" rel=\"noopener\">\n\t\t\t\t\t\t<span class=\"elementor-button-content-wrapper\">\n\t\t\t\t\t\t\t\t\t<span class=\"elementor-button-text\">VISITEZ<\/span>\n\t\t\t\t\t<\/span>\n\t\t\t\t\t<\/a>\n\t\t\t\t<\/div>\n\t\t\t\t\t\t\t\t<\/div>\n\t\t\t\t<\/div>\n\t\t\t\t<div class=\"elementor-element elementor-element-6e1908f elementor-widget__width-auto elementor-widget elementor-widget-button\" data-id=\"6e1908f\" data-element_type=\"widget\" data-e-type=\"widget\" data-widget_type=\"button.default\">\n\t\t\t\t<div class=\"elementor-widget-container\">\n\t\t\t\t\t\t\t\t\t<div class=\"elementor-button-wrapper\">\n\t\t\t\t\t<a class=\"elementor-button elementor-button-link elementor-size-sm\" href=\"https:\/\/portal.qnet.net\/VirtualOffice4\/onlineestore\/Online_Login_VO.aspx\" target=\"_blank\" rel=\"noopener\">\n\t\t\t\t\t\t<span class=\"elementor-button-content-wrapper\">\n\t\t\t\t\t\t\t\t\t<span class=\"elementor-button-text\">ACHETEZ MAINTENANT<\/span>\n\t\t\t\t\t<\/span>\n\t\t\t\t\t<\/a>\n\t\t\t\t<\/div>\n\t\t\t\t\t\t\t\t<\/div>\n\t\t\t\t<\/div>\n\t\t\t\t<\/div>\n\t\t\t\t<\/div>\n\t\t<div class=\"elementor-element elementor-element-9f72c35 e-con-full e-flex e-con e-child\" data-id=\"9f72c35\" data-element_type=\"container\" data-e-type=\"container\" data-settings=\"{&quot;background_background&quot;:&quot;classic&quot;}\">\n\t\t\t\t<div class=\"elementor-element elementor-element-4ad2256 elementor-widget elementor-widget-video\" data-id=\"4ad2256\" data-element_type=\"widget\" data-e-type=\"widget\" data-settings=\"{&quot;youtube_url&quot;:&quot;https:\\\/\\\/youtu.be\\\/awq83btTwiI&quot;,&quot;show_image_overlay&quot;:&quot;yes&quot;,&quot;image_overlay&quot;:{&quot;url&quot;:&quot;https:\\\/\\\/mena.qnet.net\\\/wp-content\\\/uploads\\\/2024\\\/11\\\/screenshot-2567-11-12-at-084539-6732b3626cdd0.webp&quot;,&quot;id&quot;:51506,&quot;size&quot;:&quot;&quot;},&quot;video_type&quot;:&quot;youtube&quot;}\" data-widget_type=\"video.default\">\n\t\t\t\t<div class=\"elementor-widget-container\">\n\t\t\t\t\t\t\t<div class=\"elementor-wrapper elementor-open-inline\">\n\t\t\t<div class=\"elementor-video\"><\/div>\t\t\t\t<div class=\"elementor-custom-embed-image-overlay\" style=\"background-image: url(https:\/\/mena.qnet.net\/wp-content\/uploads\/2024\/11\/screenshot-2567-11-12-at-084539-6732b3626cdd0.webp);\">\n\t\t\t\t\t\t\t\t\t\t\t\t\t\t\t\t<div class=\"elementor-custom-embed-play\" role=\"button\" aria-label=\"Lire la vid\u00e9o\" tabindex=\"0\">\n\t\t\t\t\t\t\t<i aria-hidden=\"true\" class=\"eicon-play\"><\/i>\t\t\t\t\t\t<\/div>\n\t\t\t\t\t\t\t\t\t<\/div>\n\t\t\t\t\t<\/div>\n\t\t\t\t\t\t<\/div>\n\t\t\t\t<\/div>\n\t\t\t\t<\/div>\n\t\t\t\t\t<\/div>\n\t\t\t\t<\/div>\n\t\t<div class=\"elementor-element elementor-element-d5902e0 e-flex e-con-boxed e-con e-parent\" data-id=\"d5902e0\" data-element_type=\"container\" data-e-type=\"container\" data-settings=\"{&quot;background_background&quot;:&quot;classic&quot;}\">\n\t\t\t\t\t<div class=\"e-con-inner\">\n\t\t<div class=\"elementor-element elementor-element-403e9e9 e-flex e-con-boxed e-con e-child\" data-id=\"403e9e9\" data-element_type=\"container\" data-e-type=\"container\">\n\t\t\t\t\t<div class=\"e-con-inner\">\n\t\t<div class=\"elementor-element elementor-element-66e40d4 e-grid e-con-full e-con e-child\" data-id=\"66e40d4\" data-element_type=\"container\" data-e-type=\"container\">\n\t\t\t\t<div class=\"elementor-element elementor-element-ebe8e2c elementor-view-default elementor-position-block-start elementor-mobile-position-block-start elementor-widget elementor-widget-icon-box\" data-id=\"ebe8e2c\" data-element_type=\"widget\" data-e-type=\"widget\" data-widget_type=\"icon-box.default\">\n\t\t\t\t<div class=\"elementor-widget-container\">\n\t\t\t\t\t\t\t<div class=\"elementor-icon-box-wrapper\">\n\n\t\t\t\t\t\t<div class=\"elementor-icon-box-icon\">\n\t\t\t\t<span  class=\"elementor-icon\">\n\t\t\t\t<svg xmlns=\"http:\/\/www.w3.org\/2000\/svg\" width=\"80\" height=\"80\" viewBox=\"0 0 80 80\" fill=\"none\"><path d=\"M27.6426 16.4297H48.9277V34.9291H27.6426V16.4297Z\" stroke=\"white\"><\/path><path d=\"M23.4277 28.8711H34.2221L39.6192 34.2683H52.2126V52.2588H23.4277V28.8711Z\" fill=\"white\"><\/path><path d=\"M41.0703 23.823L34.8026 27.4416L34.8026 20.2043L41.0703 23.823Z\" fill=\"white\"><\/path><path d=\"M15.9697 74.8666V78.3327H2.40066V75.3999L8.65094 68.8409C9.20296 68.2099 9.64814 67.6456 9.98648 67.1479C10.3248 66.6413 10.5697 66.1836 10.721 65.7748C10.8813 65.3659 10.9614 64.9971 10.9614 64.6683C10.9614 64.1084 10.8768 63.6418 10.7077 63.2685C10.5474 62.8863 10.307 62.5975 9.98648 62.402C9.67485 62.2064 9.28755 62.1087 8.82456 62.1087C8.36158 62.1087 7.95647 62.242 7.60923 62.5086C7.26199 62.7752 6.99043 63.1396 6.79456 63.6018C6.60758 64.0639 6.51409 64.5838 6.51409 65.1615H2C2 63.9706 2.28937 62.8819 2.8681 61.8954C3.45573 60.9089 4.2704 60.1223 5.31212 59.5358C6.35383 58.9403 7.56026 58.6426 8.93141 58.6426C10.3649 58.6426 11.5669 58.8648 12.5373 59.3091C13.5078 59.7535 14.2379 60.3978 14.7276 61.2422C15.2262 62.0776 15.4755 63.0863 15.4755 64.2683C15.4755 64.9438 15.3687 65.5926 15.155 66.2147C14.9413 66.8368 14.6341 67.4545 14.2335 68.0677C13.8328 68.6721 13.3431 69.2942 12.7644 69.9341C12.1946 70.574 11.5446 71.2539 10.8145 71.9738L8.30371 74.8666H15.9697Z\" fill=\"white\"><\/path><path d=\"M32.1162 70.7473V74.2134H18.1199L17.8528 71.4672L25.6656 58.9225H29.2181L25.3584 65.2282L22.1532 70.7473H32.1162ZM30.153 58.9225V78.3327H25.6523V58.9225H30.153Z\" fill=\"white\"><\/path><path d=\"M50.226 58.9225L42.1194 79.9991H39.9959L48.1159 58.9225H50.226Z\" fill=\"white\"><\/path><path d=\"M72.5695 58.9225V61.3221L65.3042 78.3327H60.5497L67.8283 62.3886H58.5464V58.9225H72.5695Z\" fill=\"white\"><\/path><path d=\"M74.4011 37.6703C74.6269 32.0646 73.547 26.483 71.2468 21.3659C68.9466 16.2488 65.4889 11.7362 61.1465 8.18385C56.804 4.63155 51.6956 2.13677 46.2242 0.896292C40.7527 -0.344186 35.0679 -0.296433 29.618 1.03578C24.1682 2.368 19.1024 4.94824 14.8203 8.57299C10.5381 12.1977 7.15672 16.7679 4.94279 21.9229C2.72886 27.0779 1.74295 32.6768 2.06282 38.278C2.38269 43.8791 3.99959 49.3294 6.78599 54.1989L11.7748 51.3442C9.43061 47.2476 8.07034 42.6624 7.80124 37.9503C7.53214 33.2381 8.36157 28.5278 10.2241 24.191C12.0866 19.8542 14.9313 16.0095 18.5338 12.9601C22.1363 9.91063 26.398 7.73992 30.9829 6.61916C35.5677 5.49839 40.3503 5.45822 44.9533 6.50181C49.5563 7.54539 53.8539 9.6442 57.5071 12.6327C61.1603 15.6212 64.0692 19.4176 66.0044 23.7225C67.9395 28.0274 68.8479 32.723 68.658 37.4391L74.4011 37.6703Z\" fill=\"white\"><\/path><path d=\"M70.0495 55.4841L63.6388 36.9069L78.8833 37.9291L70.0495 55.4841Z\" fill=\"white\"><\/path><\/svg>\t\t\t\t<\/span>\n\t\t\t<\/div>\n\t\t\t\n\t\t\t\t\t\t<div class=\"elementor-icon-box-content\">\n\n\t\t\t\t\t\t\t\t\t<h3 class=\"elementor-icon-box-title\">\n\t\t\t\t\t\t<span  >\n\t\t\t\t\t\t\tAcc\u00e8s exclusif 24h\/24 et 7j\/7\t\t\t\t\t\t<\/span>\n\t\t\t\t\t<\/h3>\n\t\t\t\t\n\t\t\t\t\t\t\t\t\t<p class=\"elementor-icon-box-description\">\n\t\t\t\t\t\tAcc\u00e9dez \u00e0 une vaste biblioth\u00e8que de vid\u00e9os avec des \u00e9missions telles que Premium Videos, In The Zone, Mindfulness, et plus encore.\t\t\t\t\t<\/p>\n\t\t\t\t\n\t\t\t<\/div>\n\t\t\t\n\t\t<\/div>\n\t\t\t\t\t\t<\/div>\n\t\t\t\t<\/div>\n\t\t\t\t<div class=\"elementor-element elementor-element-a6c718e elementor-view-default elementor-position-block-start elementor-mobile-position-block-start elementor-widget elementor-widget-icon-box\" data-id=\"a6c718e\" data-element_type=\"widget\" data-e-type=\"widget\" data-widget_type=\"icon-box.default\">\n\t\t\t\t<div class=\"elementor-widget-container\">\n\t\t\t\t\t\t\t<div class=\"elementor-icon-box-wrapper\">\n\n\t\t\t\t\t\t<div class=\"elementor-icon-box-icon\">\n\t\t\t\t<span  class=\"elementor-icon\">\n\t\t\t\t<svg xmlns=\"http:\/\/www.w3.org\/2000\/svg\" width=\"80\" height=\"80\" viewBox=\"0 0 80 80\" fill=\"none\"><path d=\"M47.8754 32.5653C51.745 35.7221 53.68 37.3004 53.68 40C53.68 42.6996 51.745 44.2779 47.8754 47.4347C46.8072 48.3063 45.7478 49.1267 44.774 49.8104C43.9197 50.4101 42.9524 51.0304 41.9508 51.6395C38.0902 53.9871 36.1599 55.161 34.4286 53.8614C32.6974 52.5618 32.54 49.841 32.2254 44.3999C32.1364 42.8609 32.08 41.3525 32.08 40C32.08 38.6475 32.1364 37.1391 32.2254 35.6001C32.54 30.1589 32.6974 27.4382 34.4286 26.1386C36.1599 24.8389 38.0902 26.0128 41.9508 28.3604C42.9524 28.9695 43.9197 29.5899 44.774 30.1897C45.7478 30.8734 46.8072 31.6939 47.8754 32.5653Z\" stroke=\"white\" stroke-width=\"6\"><\/path><path d=\"M40 76C59.8823 76 76 59.8823 76 40C76 20.1177 59.8823 4 40 4C20.1177 4 4 20.1177 4 40C4 59.8823 20.1177 76 40 76Z\" stroke=\"white\" stroke-width=\"6\"><\/path><\/svg>\t\t\t\t<\/span>\n\t\t\t<\/div>\n\t\t\t\n\t\t\t\t\t\t<div class=\"elementor-icon-box-content\">\n\n\t\t\t\t\t\t\t\t\t<h3 class=\"elementor-icon-box-title\">\n\t\t\t\t\t\t<span  >\n\t\t\t\t\t\t\tNavigation de recherche intelligente\t\t\t\t\t\t<\/span>\n\t\t\t\t\t<\/h3>\n\t\t\t\t\n\t\t\t\t\t\t\t\t\t<p class=\"elementor-icon-box-description\">\n\t\t\t\t\t\tTrouvez facilement des \u00e9missions vTube comme My Networking Journey, Straight From Your Upline, et d'autres.\t\t\t\t\t<\/p>\n\t\t\t\t\n\t\t\t<\/div>\n\t\t\t\n\t\t<\/div>\n\t\t\t\t\t\t<\/div>\n\t\t\t\t<\/div>\n\t\t\t\t<div class=\"elementor-element elementor-element-1ccd1d0 elementor-view-default elementor-position-block-start elementor-mobile-position-block-start elementor-widget elementor-widget-icon-box\" data-id=\"1ccd1d0\" data-element_type=\"widget\" data-e-type=\"widget\" data-widget_type=\"icon-box.default\">\n\t\t\t\t<div class=\"elementor-widget-container\">\n\t\t\t\t\t\t\t<div class=\"elementor-icon-box-wrapper\">\n\n\t\t\t\t\t\t<div class=\"elementor-icon-box-icon\">\n\t\t\t\t<span  class=\"elementor-icon\">\n\t\t\t\t<svg xmlns=\"http:\/\/www.w3.org\/2000\/svg\" width=\"80\" height=\"80\" viewBox=\"0 0 80 80\" fill=\"none\"><path fill-rule=\"evenodd\" clip-rule=\"evenodd\" d=\"M74.0909 0H5V70C5 75.5229 9.47716 80 15 80H64.0909C69.6138 80 74.0909 75.5229 74.0909 70V0ZM71.3643 2.72798H7.72798V9.09162H71.3643V2.72798ZM13.1825 4.54616H15.9098V7.27344H13.1825V4.54616ZM25.9098 4.54616H28.6371V7.27344H25.9098V4.54616ZM22.2734 4.54616H19.5462V7.27344H22.2734V4.54616ZM49.5462 29.0916L35.228 38.5392L35.228 19.6441L49.5462 29.0916ZM7.72798 51.8189H71.3643V68.1825C71.3643 73.2038 67.2948 77.2734 62.2734 77.2734H16.8189C11.7976 77.2734 7.72798 73.2038 7.72798 68.1825V51.8189ZM12.728 73.1825V55.0007H30.9098V73.1825H12.728ZM15.4553 57.728V70.4553H28.1825V57.728H15.4553ZM65.0007 62.2734H33.1825V59.5462H65.0007V62.2734ZM48.6371 69.5462H33.1825V66.8189H48.6371V69.5462Z\" fill=\"white\"><\/path><\/svg>\t\t\t\t<\/span>\n\t\t\t<\/div>\n\t\t\t\n\t\t\t\t\t\t<div class=\"elementor-icon-box-content\">\n\n\t\t\t\t\t\t\t\t\t<h3 class=\"elementor-icon-box-title\">\n\t\t\t\t\t\t<span  >\n\t\t\t\t\t\t\tTableau de bord tout-en-un\t\t\t\t\t\t<\/span>\n\t\t\t\t\t<\/h3>\n\t\t\t\t\n\t\t\t\t\t\t\t\t\t<p class=\"elementor-icon-box-description\">\n\t\t\t\t\t\tProfitez de fonctionnalit\u00e9s telles que Ajouter \u00e0 la liste de lecture, T\u00e9l\u00e9charger une vid\u00e9o et Suivre des cha\u00eenes.\t\t\t\t\t<\/p>\n\t\t\t\t\n\t\t\t<\/div>\n\t\t\t\n\t\t<\/div>\n\t\t\t\t\t\t<\/div>\n\t\t\t\t<\/div>\n\t\t\t\t<div class=\"elementor-element elementor-element-e42c76c elementor-view-default elementor-position-block-start elementor-mobile-position-block-start elementor-widget elementor-widget-icon-box\" data-id=\"e42c76c\" data-element_type=\"widget\" data-e-type=\"widget\" data-widget_type=\"icon-box.default\">\n\t\t\t\t<div class=\"elementor-widget-container\">\n\t\t\t\t\t\t\t<div class=\"elementor-icon-box-wrapper\">\n\n\t\t\t\t\t\t<div class=\"elementor-icon-box-icon\">\n\t\t\t\t<span  class=\"elementor-icon\">\n\t\t\t\t<svg xmlns=\"http:\/\/www.w3.org\/2000\/svg\" width=\"80\" height=\"80\" viewBox=\"0 0 80 80\" fill=\"none\"><path d=\"M22.725 33.57L20.55 40H15L24.31 15H30.73L40 40H34.165L31.99 33.57H22.725ZM30.895 29.89L27.5 19.78H27.255L23.86 29.89H30.895Z\" fill=\"white\"><\/path><path d=\"M0 10C0 7.34784 1.05357 4.8043 2.92893 2.92893C4.8043 1.05357 7.34784 0 10 0L45 0C47.6522 0 50.1957 1.05357 52.0711 2.92893C53.9464 4.8043 55 7.34784 55 10V25H70C72.6522 25 75.1957 26.0536 77.0711 27.9289C78.9464 29.8043 80 32.3478 80 35V70C80 72.6522 78.9464 75.1957 77.0711 77.0711C75.1957 78.9464 72.6522 80 70 80H35C32.3478 80 29.8043 78.9464 27.9289 77.0711C26.0536 75.1957 25 72.6522 25 70V55H10C7.34784 55 4.8043 53.9464 2.92893 52.0711C1.05357 50.1957 0 47.6522 0 45V10ZM10 5C8.67392 5 7.40215 5.52678 6.46447 6.46447C5.52678 7.40215 5 8.67392 5 10V45C5 46.3261 5.52678 47.5979 6.46447 48.5355C7.40215 49.4732 8.67392 50 10 50H45C46.3261 50 47.5979 49.4732 48.5355 48.5355C49.4732 47.5979 50 46.3261 50 45V10C50 8.67392 49.4732 7.40215 48.5355 6.46447C47.5979 5.52678 46.3261 5 45 5H10ZM45.69 54.975C46.655 56.48 47.7 57.89 48.84 59.205C45.1 62.08 40.475 64.21 35 65.665C35.89 66.75 37.255 68.84 37.775 70C43.4 68.205 48.175 65.78 52.205 62.53C56.09 65.855 60.9 68.355 66.855 69.89C67.52 68.62 68.925 66.525 70 65.44C64.375 64.175 59.715 61.97 55.9 59.02C59.305 55.285 62.01 50.765 64.005 45.235H70V40H55V45.235H58.825C57.235 49.455 55.125 52.965 52.465 55.885C51.7303 55.1023 51.0376 54.2811 50.39 53.425C48.9791 54.3297 47.3623 54.8628 45.69 54.975Z\" fill=\"white\"><\/path><\/svg>\t\t\t\t<\/span>\n\t\t\t<\/div>\n\t\t\t\n\t\t\t\t\t\t<div class=\"elementor-icon-box-content\">\n\n\t\t\t\t\t\t\t\t\t<h3 class=\"elementor-icon-box-title\">\n\t\t\t\t\t\t<span  >\n\t\t\t\t\t\t\tMultilingue et sous-titres\t\t\t\t\t\t<\/span>\n\t\t\t\t\t<\/h3>\n\t\t\t\t\n\t\t\t\t\t\t\t\t\t<p class=\"elementor-icon-box-description\">\n\t\t\t\t\t\tDisponible en anglais, arabe, fran\u00e7ais, russe, etc.\t\t\t\t\t<\/p>\n\t\t\t\t\n\t\t\t<\/div>\n\t\t\t\n\t\t<\/div>\n\t\t\t\t\t\t<\/div>\n\t\t\t\t<\/div>\n\t\t\t\t<div class=\"elementor-element elementor-element-472cf2e elementor-view-default elementor-position-block-start elementor-mobile-position-block-start elementor-widget elementor-widget-icon-box\" data-id=\"472cf2e\" data-element_type=\"widget\" data-e-type=\"widget\" data-widget_type=\"icon-box.default\">\n\t\t\t\t<div class=\"elementor-widget-container\">\n\t\t\t\t\t\t\t<div class=\"elementor-icon-box-wrapper\">\n\n\t\t\t\t\t\t<div class=\"elementor-icon-box-icon\">\n\t\t\t\t<span  class=\"elementor-icon\">\n\t\t\t\t<svg xmlns=\"http:\/\/www.w3.org\/2000\/svg\" width=\"80\" height=\"80\" viewBox=\"0 0 80 80\" fill=\"none\"><path d=\"M51 1.71289V17.1415H66.4286L51 1.71289Z\" fill=\"white\"><\/path><path d=\"M39.5714 37.1426C34.7143 37.1426 31 40.8569 31 45.714C31 50.5711 34.7143 54.2854 39.5714 54.2854C44.4286 54.2854 48.1429 50.5711 48.1429 45.714C48.1429 40.8569 44.4286 37.1426 39.5714 37.1426ZM39.5714 48.5711C37.8571 48.5711 36.7143 47.4283 36.7143 45.714C36.7143 43.9997 37.8571 42.8569 39.5714 42.8569C41.2857 42.8569 42.4286 43.9997 42.4286 45.714C42.4286 47.4283 41.2857 48.5711 39.5714 48.5711Z\" fill=\"white\"><\/path><path d=\"M61 22.8571H48.1429C46.4286 22.8571 45.2857 21.7143 45.2857 20V0H13.8571C12.1429 0 11 1.14286 11 2.85714V77.1429C11 78.8571 12.1429 80 13.8571 80H65.2857C67 80 68.1429 78.8571 68.1429 77.1429V30C68.1429 26 65 22.8571 61 22.8571ZM64.7143 47.4286C64.4286 48 53.5714 62.8571 39.5714 62.8571C25.5714 62.8571 14.7143 48 14.4286 47.4286C13.8571 46.5714 13.8571 45.1429 14.4286 44C14.7143 43.4286 25.5714 28.5714 39.5714 28.5714C53.5714 28.5714 64.4286 43.4286 64.7143 44C65.5714 45.1429 65.5714 46.2857 64.7143 47.4286Z\" fill=\"white\"><\/path><\/svg>\t\t\t\t<\/span>\n\t\t\t<\/div>\n\t\t\t\n\t\t\t\t\t\t<div class=\"elementor-icon-box-content\">\n\n\t\t\t\t\t\t\t\t\t<h3 class=\"elementor-icon-box-title\">\n\t\t\t\t\t\t<span  >\n\t\t\t\t\t\t\tAffichage personnalis\u00e9\t\t\t\t\t\t<\/span>\n\t\t\t\t\t<\/h3>\n\t\t\t\t\n\t\t\t\t\t\t\t\t\t<p class=\"elementor-icon-box-description\">\n\t\t\t\t\t\tRegardez sur n'importe quel appareil mobile.\t\t\t\t\t<\/p>\n\t\t\t\t\n\t\t\t<\/div>\n\t\t\t\n\t\t<\/div>\n\t\t\t\t\t\t<\/div>\n\t\t\t\t<\/div>\n\t\t\t\t<\/div>\n\t\t\t\t\t<\/div>\n\t\t\t\t<\/div>\n\t\t\t\t\t<\/div>\n\t\t\t\t<\/div>\n\t\t\t\t<\/div>\n\t\t","protected":false},"excerpt":{"rendered":"<p>QNET TECHNOLOGIE vtube est une plateforme de formation vid\u00e9o en ligne d\u00e9di\u00e9e \u00e0 la vente directe. Con\u00e7ue sur mesure pour les professionnels de la vente directe modernes et en d\u00e9placement, vtube fournit \u00e0 ses abonn\u00e9s actifs une biblioth\u00e8que riche et bien organis\u00e9e de vid\u00e9os en ligne qui servent d&rsquo;outils de formation essentiels. VISITEZ ACHETEZ MAINTENANT [&hellip;]<\/p>\n","protected":false},"author":3,"featured_media":52841,"parent":0,"menu_order":0,"comment_status":"closed","ping_status":"closed","template":"","meta":{"footnotes":""},"class_list":["post-51554","page","type-page","status-publish","has-post-thumbnail"],"_links":{"self":[{"href":"https:\/\/mena.qnet.net\/fr\/wp-json\/wp\/v2\/pages\/51554","targetHints":{"allow":["GET"]}}],"collection":[{"href":"https:\/\/mena.qnet.net\/fr\/wp-json\/wp\/v2\/pages"}],"about":[{"href":"https:\/\/mena.qnet.net\/fr\/wp-json\/wp\/v2\/types\/page"}],"author":[{"embeddable":true,"href":"https:\/\/mena.qnet.net\/fr\/wp-json\/wp\/v2\/users\/3"}],"replies":[{"embeddable":true,"href":"https:\/\/mena.qnet.net\/fr\/wp-json\/wp\/v2\/comments?post=51554"}],"version-history":[{"count":0,"href":"https:\/\/mena.qnet.net\/fr\/wp-json\/wp\/v2\/pages\/51554\/revisions"}],"wp:featuredmedia":[{"embeddable":true,"href":"https:\/\/mena.qnet.net\/fr\/wp-json\/wp\/v2\/media\/52841"}],"wp:attachment":[{"href":"https:\/\/mena.qnet.net\/fr\/wp-json\/wp\/v2\/media?parent=51554"}],"curies":[{"name":"wp","href":"https:\/\/api.w.org\/{rel}","templated":true}]}}